{"id":411,"date":"2024-05-13T12:24:24","date_gmt":"2024-05-13T10:24:24","guid":{"rendered":"https:\/\/congresocedaes2024.com\/program-2\/"},"modified":"2024-11-06T13:39:59","modified_gmt":"2024-11-06T12:39:59","slug":"programa-cedaes-2024","status":"publish","type":"page","link":"https:\/\/congresocedaes2024.com\/en\/programa-cedaes-2024\/","title":{"rendered":"Programa CEDAES 2024"},"content":{"rendered":"<p><div class=\"fusion-fullwidth fullwidth-box fusion-builder-row-1 fusion-flex-container has-pattern-background has-mask-background fusion-parallax-none hundred-percent-fullwidth non-hundred-percent-height-scrolling\" style=\"--awb-background-position:center top;--awb-background-position-small:left top;--awb-border-radius-top-left:0px;--awb-border-radius-top-right:0px;--awb-border-radius-bottom-right:0px;--awb-border-radius-bottom-left:0px;--awb-padding-top-small:0px;--awb-padding-right-small:0px;--awb-padding-bottom-small:0px;--awb-padding-left-small:0px;--awb-margin-top:60px;--awb-background-image:url(&quot;https:\/\/congresocedaes2024.com\/wp-content\/uploads\/2024\/03\/cabecera-congreso.jpg&quot;);--awb-background-size:cover;--awb-flex-wrap:wrap;\" ><div class=\"fusion-builder-row fusion-row fusion-flex-align-items-flex-start fusion-flex-justify-content-flex-end fusion-flex-content-wrap\" style=\"width:104% !important;max-width:104% !important;margin-left: calc(-4% \/ 2 );margin-right: calc(-4% \/ 2 );\"><div class=\"fusion-layout-column fusion_builder_column fusion-builder-column-0 fusion_builder_column_1_1 1_1 fusion-flex-column fusion-flex-align-self-stretch\" style=\"--awb-padding-top:40px;--awb-padding-right:250px;--awb-padding-bottom:250px;--awb-padding-left:100px;--awb-padding-top-small:40px;--awb-padding-right-small:50px;--awb-padding-bottom-small:40px;--awb-padding-left-small:50px;--awb-bg-image:url(&#039;https:\/\/congresocedaes2024.com\/wp-content\/uploads\/2024\/03\/bg-footer-congreso-cedaes-2024.png&#039;);--awb-bg-position-small:right top;--awb-bg-size:cover;--awb-width-large:100%;--awb-margin-top-large:0px;--awb-spacing-right-large:0px;--awb-margin-bottom-large:0px;--awb-spacing-left-large:0px;--awb-width-medium:100%;--awb-order-medium:0;--awb-spacing-right-medium:0px;--awb-spacing-left-medium:0px;--awb-width-small:100%;--awb-order-small:0;--awb-margin-top-small:0;--awb-spacing-right-small:0px;--awb-margin-bottom-small:0;--awb-spacing-left-small:0px;\" data-scroll-devices=\"small-visibility,medium-visibility,large-visibility\"><div class=\"fusion-column-wrapper fusion-column-has-shadow fusion-flex-justify-content-flex-start fusion-content-layout-column fusion-column-has-bg-image\" data-bg-url=\"https:\/\/congresocedaes2024.com\/wp-content\/uploads\/2024\/03\/bg-footer-congreso-cedaes-2024.png\"><div class=\"fusion-title title fusion-title-1 fusion-sep-none fusion-title-text fusion-title-size-one\" style=\"--awb-text-color:var(--awb-color1);--awb-margin-top-small:20px;--awb-font-size:40px;\"><h1 class=\"fusion-title-heading title-heading-right sm-text-align-center fusion-responsive-typography-calculated\" style=\"margin:0;font-size:1em;--fontSize:40;line-height:var(--awb-typography1-line-height);\">Programme<\/h1><\/div><div class=\"fusion-separator fusion-full-width-sep\" style=\"align-self: center;margin-left: auto;margin-right: auto;margin-top:100px;margin-bottom:100px;width:100%;\"><\/div><\/div><\/div><\/div><\/div><div class=\"fusion-fullwidth fullwidth-box fusion-builder-row-2 fusion-flex-container has-pattern-background has-mask-background nonhundred-percent-fullwidth non-hundred-percent-height-scrolling\" style=\"--awb-border-radius-top-left:0px;--awb-border-radius-top-right:0px;--awb-border-radius-bottom-right:0px;--awb-border-radius-bottom-left:0px;--awb-padding-top:20px;--awb-padding-right:0px;--awb-padding-left:0px;--awb-margin-top:0px;--awb-margin-bottom:0px;--awb-background-color:var(--awb-color4);--awb-flex-wrap:wrap;\" ><div class=\"fusion-builder-row fusion-row fusion-flex-align-items-flex-start fusion-flex-content-wrap\" style=\"max-width:1393.6px;margin-left: calc(-4% \/ 2 );margin-right: calc(-4% \/ 2 );\"><div class=\"fusion-layout-column fusion_builder_column fusion-builder-column-1 fusion_builder_column_1_1 1_1 fusion-flex-column\" style=\"--awb-bg-size:cover;--awb-width-large:100%;--awb-margin-top-large:0px;--awb-spacing-right-large:1.92%;--awb-margin-bottom-large:20px;--awb-spacing-left-large:1.92%;--awb-width-medium:100%;--awb-order-medium:0;--awb-spacing-right-medium:1.92%;--awb-spacing-left-medium:1.92%;--awb-width-small:100%;--awb-order-small:0;--awb-spacing-right-small:1.92%;--awb-spacing-left-small:1.92%;\"><div class=\"fusion-column-wrapper fusion-column-has-shadow fusion-flex-justify-content-flex-start fusion-content-layout-column\"><div class=\"fusion-title title fusion-title-2 fusion-sep-none fusion-title-center fusion-title-text fusion-title-size-one\" style=\"--awb-text-color:var(--awb-color1);--awb-margin-top:20px;--awb-font-size:40px;\"><h1 class=\"fusion-title-heading title-heading-center fusion-responsive-typography-calculated\" style=\"margin:0;font-size:1em;--fontSize:40;line-height:var(--awb-typography1-line-height);\">7\u00ba Congreso Nacional de \u00c1reas Empresariales CEDAES 2024<\/h1><\/div><\/div><\/div><\/div><\/div><div id=\"anfitrion\" class=\"fusion-container-anchor\"><div class=\"fusion-fullwidth fullwidth-box fusion-builder-row-3 fusion-flex-container has-pattern-background has-mask-background nonhundred-percent-fullwidth non-hundred-percent-height-scrolling\" style=\"--awb-border-radius-top-left:0px;--awb-border-radius-top-right:0px;--awb-border-radius-bottom-right:0px;--awb-border-radius-bottom-left:0px;--awb-margin-top:90px;--awb-margin-bottom:70px;--awb-flex-wrap:wrap;\" ><div class=\"fusion-builder-row fusion-row fusion-flex-align-items-flex-start fusion-flex-content-wrap\" style=\"max-width:1393.6px;margin-left: calc(-4% \/ 2 );margin-right: calc(-4% \/ 2 );\"><div class=\"fusion-layout-column fusion_builder_column fusion-builder-column-2 fusion_builder_column_1_1 1_1 fusion-flex-column\" style=\"--awb-bg-size:cover;--awb-width-large:100%;--awb-margin-top-large:0px;--awb-spacing-right-large:1.92%;--awb-margin-bottom-large:20px;--awb-spacing-left-large:1.92%;--awb-width-medium:100%;--awb-order-medium:0;--awb-spacing-right-medium:1.92%;--awb-spacing-left-medium:1.92%;--awb-width-small:100%;--awb-order-small:0;--awb-spacing-right-small:1.92%;--awb-spacing-left-small:1.92%;\"><div class=\"fusion-column-wrapper fusion-column-has-shadow fusion-flex-justify-content-flex-start fusion-content-layout-column\"><div class=\"fusion-text fusion-text-1\" style=\"--awb-font-size:18px;--awb-line-height:var(--awb-typography4-line-height);--awb-letter-spacing:var(--awb-typography4-letter-spacing);--awb-text-transform:var(--awb-typography4-text-transform);--awb-text-font-family:var(--awb-typography4-font-family);--awb-text-font-weight:var(--awb-typography4-font-weight);--awb-text-font-style:var(--awb-typography4-font-style);\"><p><em>* Provisional Programme<\/em><\/p>\n<\/div><div class=\"fusion-title title fusion-title-3 fusion-sep-none fusion-title-text fusion-title-size-three\" style=\"--awb-text-color:var(--awb-color4);--awb-margin-top:40px;--awb-margin-bottom:40px;\"><h3 class=\"fusion-title-heading title-heading-left fusion-responsive-typography-calculated\" style=\"margin:0;--fontSize:40;line-height:var(--awb-typography1-line-height);\">7th November<\/h3><\/div><div class=\"fusion-text fusion-text-2\" style=\"--awb-font-size:var(--awb-typography4-font-size);--awb-line-height:var(--awb-typography4-line-height);--awb-letter-spacing:var(--awb-typography4-letter-spacing);--awb-text-transform:var(--awb-typography4-text-transform);--awb-text-color:var(--awb-color5);--awb-text-font-family:&quot;Roboto&quot;;--awb-text-font-style:normal;--awb-text-font-weight:500;\"><h4>Official Start<strong> -Transfer of Attendees from Oviedo to Avil\u00e9s<\/strong><\/h4>\n<p><i class=\"fb-icon-element-1 fb-icon-element fontawesome-icon fa-play fas circle-no fusion-text-flow\" style=\"--awb-iconcolor:var(--awb-color4);--awb-iconcolor-hover:var(--awb-color4);--awb-font-size:22px;--awb-margin-right:11px;\"><\/i> Transfer of all attendees by bus from Oviedo to Avil\u00e9s.<\/p>\n<ul>\n<li>Time: 16:00h (meeting point: entrance of Hotel de La Reconquista, Oviedo).<\/li>\n<li>Route: Oviedo &#8211; Avil\u00e9s (by bus).<\/li>\n<li>Location: Bus stop C\/Conde de Toreno.<\/li>\n<\/ul>\n<\/div><div class=\"fusion-text fusion-text-3\" style=\"--awb-font-size:var(--awb-typography4-font-size);--awb-line-height:var(--awb-typography4-line-height);--awb-letter-spacing:var(--awb-typography4-letter-spacing);--awb-text-transform:var(--awb-typography4-text-transform);--awb-text-color:var(--awb-color5);--awb-text-font-family:&quot;Roboto&quot;;--awb-text-font-style:normal;--awb-text-font-weight:500;\"><h4 class=\"fusion-responsive-typography-calculated\" style=\"--fontsize: 30; line-height: 1; --minfontsize: 30;\" data-fontsize=\"30\" data-lineheight=\"30px\">Institutional Opening<\/h4>\n<p><i class=\"fb-icon-element-2 fb-icon-element fontawesome-icon fa-play fas circle-no fusion-text-flow\" style=\"--awb-iconcolor:var(--awb-color4);--awb-iconcolor-hover:var(--awb-color4);--awb-font-size:22px;--awb-margin-right:11px;\"><\/i> <strong>Inauguration. <\/strong><\/p>\n<ul>\n<li>President of the Port Authority of Avil\u00e9s.<\/li>\n<li>President of the SEPIDES Group.<\/li>\n<li>Representative of Avil\u00e9s City Council.<\/li>\n<li>Representative of the Government of the Principality of Asturias.<\/li>\n<\/ul>\n<ul>\n<li>Time: 16:45h.<\/li>\n<li>Location: Port Authority of Avil\u00e9s.<\/li>\n<li>Address: Traves\u00eda de la industria, 98.<\/li>\n<\/ul>\n<\/div><div class=\"fusion-text fusion-text-4\" style=\"--awb-font-size:var(--awb-typography4-font-size);--awb-line-height:var(--awb-typography4-line-height);--awb-letter-spacing:var(--awb-typography4-letter-spacing);--awb-text-transform:var(--awb-typography4-text-transform);--awb-text-color:var(--awb-color5);--awb-text-font-family:&quot;Roboto&quot;;--awb-text-font-style:normal;--awb-text-font-weight:500;\"><h4 class=\"fusion-responsive-typography-calculated\" style=\"--fontsize: 30; line-height: 1; --minfontsize: 30;\" data-fontsize=\"30\" data-lineheight=\"30px\">Visit to the Port Authority of Avil\u00e9s, right bank of the estuary and the future business park at the Cok Battery site, developed by SEPIDES.<\/h4>\n<p><i class=\"fb-icon-element-3 fb-icon-element fontawesome-icon fa-play fas circle-no fusion-text-flow\" style=\"--awb-iconcolor:var(--awb-color4);--awb-iconcolor-hover:var(--awb-color4);--awb-font-size:22px;--awb-margin-right:11px;\"><\/i> Port Authority of Avil\u00e9s.<\/p>\n<ul>\n<li>Time: 17:20h &#8211; 18:30h.<\/li>\n<li>Location: Port Authority of Avil\u00e9s &#8211; Former Cok Battery Park facilities<\/li>\n<li>Address: Traves\u00eda de la industria, 98.<\/li>\n<\/ul>\n<p>End of Visit \u2013 Port Authority of Avil\u00e9s facilities<\/p>\n<\/div><div class=\"fusion-text fusion-text-5\" style=\"--awb-font-size:var(--awb-typography4-font-size);--awb-line-height:var(--awb-typography4-line-height);--awb-letter-spacing:var(--awb-typography4-letter-spacing);--awb-text-transform:var(--awb-typography4-text-transform);--awb-text-color:var(--awb-color5);--awb-text-font-family:&quot;Roboto&quot;;--awb-text-font-style:normal;--awb-text-font-weight:500;\"><h4>Panel Discussion at the Port Authority of Avil\u00e9s.<\/h4>\n<p><i class=\"fb-icon-element-4 fb-icon-element fontawesome-icon fa-play fas circle-no fusion-text-flow\" style=\"--awb-iconcolor:var(--awb-color4);--awb-iconcolor-hover:var(--awb-color4);--awb-font-size:22px;--awb-margin-right:11px;\"><\/i> <strong>Business Parks Sustainability Challenges.<\/strong><\/p>\n<ul>\n<li>Time: 18:45h &#8211; 20:15h.<\/li>\n<li>Location: Port Authority of Avil\u00e9s, Traves\u00eda de la Industria, 98.<\/li>\n<li>Speakers:<br \/>\n* Ger Corbbet: CEO of Sandyford Business District, Ireland<br \/>\n* Vicente Segu\u00ed Pic\u00f3: General Director of Employment, Business Development and New Economy, Alicante City Council<br \/>\n* Silvia Solanellas: Representative of the Uni\u00f3 Pol\u00edgons Industrials Catalunya and moderator of the discussion.<\/li>\n<\/ul>\n<p>End of Panel Discussion.<\/p>\n<p><strong>Return Transfer to Oviedo.<\/strong><\/p>\n<ul>\n<li>Time: 20:30h Traves\u00eda de la industria, 98.<\/li>\n<li>Route: Avil\u00e9s &#8211; Oviedo (by bus).<\/li>\n<\/ul>\n<\/div><div class=\"fusion-text fusion-text-6\" style=\"--awb-font-size:var(--awb-typography4-font-size);--awb-line-height:var(--awb-typography4-line-height);--awb-letter-spacing:var(--awb-typography4-letter-spacing);--awb-text-transform:var(--awb-typography4-text-transform);--awb-text-color:var(--awb-color5);--awb-text-font-family:&quot;Roboto&quot;;--awb-text-font-style:normal;--awb-text-font-weight:500;\"><h4>Networking Espicha.<\/h4>\n<p><i class=\"fb-icon-element-5 fb-icon-element fontawesome-icon fa-play fas circle-no fusion-text-flow\" style=\"--awb-iconcolor:var(--awb-color4);--awb-iconcolor-hover:var(--awb-color4);--awb-font-size:22px;--awb-margin-right:11px;\"><\/i> An informal networking event to foster the exchange of ideas and professional networking.<\/p>\n<ul>\n<li>Time: 21:15h.<\/li>\n<li>Location: Tierrastur El Vasco, C\/ Victor Ch\u00e1varri, Gran Bulevar El Vasco.<\/li>\n<\/ul>\n<\/div><\/div><\/div><\/div><\/div><\/div><div id=\"anfitrion\" class=\"fusion-container-anchor\"><div class=\"fusion-fullwidth fullwidth-box fusion-builder-row-4 fusion-flex-container has-pattern-background has-mask-background nonhundred-percent-fullwidth non-hundred-percent-height-scrolling\" style=\"--awb-border-radius-top-left:0px;--awb-border-radius-top-right:0px;--awb-border-radius-bottom-right:0px;--awb-border-radius-bottom-left:0px;--awb-margin-top:90px;--awb-margin-bottom:0px;--awb-flex-wrap:wrap;\" ><div class=\"fusion-builder-row fusion-row fusion-flex-align-items-flex-start fusion-flex-content-wrap\" style=\"max-width:1393.6px;margin-left: calc(-4% \/ 2 );margin-right: calc(-4% \/ 2 );\"><div class=\"fusion-layout-column fusion_builder_column fusion-builder-column-3 fusion_builder_column_1_1 1_1 fusion-flex-column\" style=\"--awb-bg-size:cover;--awb-width-large:100%;--awb-margin-top-large:0px;--awb-spacing-right-large:1.92%;--awb-margin-bottom-large:20px;--awb-spacing-left-large:1.92%;--awb-width-medium:100%;--awb-order-medium:0;--awb-spacing-right-medium:1.92%;--awb-spacing-left-medium:1.92%;--awb-width-small:100%;--awb-order-small:0;--awb-spacing-right-small:1.92%;--awb-spacing-left-small:1.92%;\"><div class=\"fusion-column-wrapper fusion-column-has-shadow fusion-flex-justify-content-flex-start fusion-content-layout-column\"><div class=\"fusion-title title fusion-title-4 fusion-sep-none fusion-title-text fusion-title-size-three\" style=\"--awb-text-color:var(--awb-color4);--awb-margin-top:40px;--awb-margin-bottom:40px;\"><h3 class=\"fusion-title-heading title-heading-left fusion-responsive-typography-calculated\" style=\"margin:0;--fontSize:40;line-height:var(--awb-typography1-line-height);\">8th November<\/h3><\/div><\/div><\/div><div class=\"fusion-layout-column fusion_builder_column fusion-builder-column-4 fusion_builder_column_1_1 1_1 fusion-flex-column\" style=\"--awb-bg-size:cover;--awb-width-large:100%;--awb-margin-top-large:0px;--awb-spacing-right-large:1.92%;--awb-margin-bottom-large:20px;--awb-spacing-left-large:1.92%;--awb-width-medium:100%;--awb-order-medium:0;--awb-spacing-right-medium:1.92%;--awb-spacing-left-medium:1.92%;--awb-width-small:100%;--awb-order-small:0;--awb-spacing-right-small:1.92%;--awb-spacing-left-small:1.92%;\"><div class=\"fusion-column-wrapper fusion-column-has-shadow fusion-flex-justify-content-flex-start fusion-content-layout-column\"><div class=\"fusion-text fusion-text-7\" style=\"--awb-font-size:var(--awb-typography4-font-size);--awb-line-height:var(--awb-typography4-line-height);--awb-letter-spacing:var(--awb-typography4-letter-spacing);--awb-text-transform:var(--awb-typography4-text-transform);--awb-text-color:var(--awb-color5);--awb-text-font-family:&quot;Roboto&quot;;--awb-text-font-style:normal;--awb-text-font-weight:500;\"><h4>Opening of the Day.<\/h4>\n<p><i class=\"fb-icon-element-6 fb-icon-element fontawesome-icon fa-play fas circle-no fusion-text-flow\" style=\"--awb-iconcolor:var(--awb-color4);--awb-iconcolor-hover:var(--awb-color4);--awb-font-size:22px;--awb-margin-right:11px;\"><\/i> Opening.<\/p>\n<ul>\n<li>Time: 09:30h.<\/li>\n<li>Location: Hotel de la Reconquista \u2013 Reconquista Hall.<\/li>\n<li>Address: Calle Gil de Jaz, 16, Oviedo.<\/li>\n<\/ul>\n<\/div><div class=\"fusion-text fusion-text-8\" style=\"--awb-font-size:var(--awb-typography4-font-size);--awb-line-height:var(--awb-typography4-line-height);--awb-letter-spacing:var(--awb-typography4-letter-spacing);--awb-text-transform:var(--awb-typography4-text-transform);--awb-text-color:var(--awb-color5);--awb-text-font-family:&quot;Roboto&quot;;--awb-text-font-style:normal;--awb-text-font-weight:500;\"><h4><strong>PANEL I<\/strong><\/h4>\n<p><i class=\"fb-icon-element-7 fb-icon-element fontawesome-icon fa-play fas circle-no fusion-text-flow\" style=\"--awb-iconcolor:var(--awb-color4);--awb-iconcolor-hover:var(--awb-color4);--awb-font-size:22px;--awb-margin-right:11px;\"><\/i> <strong>When Public Administrations Become Leveraging.<\/strong><\/p>\n<ul>\n<li>\u00d3scar Hern\u00e1ndez Su\u00e1rez (Mayor of Ag\u00fcimes, Gran Canaria.)<\/li>\n<li>Aidan Blighe (Director of Planning and Economic Development at D\u00fan Laoghaire-Rathdown County Council, Ireland).<\/li>\n<li>Isaac Pola Alonso (Deputy Minister of Industry and Just Transition, Principality of Asturias).<\/li>\n<li>Jordi Garc\u00eda Brustenga (Director General of Industrial Strategy and SMEs, Ministry of Industry and Tourism).<\/li>\n<li>David Gonz\u00e1lez Fern\u00e1ndez (Executive Director of the Agency for Science, Business Competitiveness, and Innovation of the Principality of Asturias (SEKUENS)).<\/li>\n<\/ul>\n<p><em>Coffee Break.<\/em><\/p>\n<\/div><div class=\"fusion-text fusion-text-9\" style=\"--awb-font-size:var(--awb-typography4-font-size);--awb-line-height:var(--awb-typography4-line-height);--awb-letter-spacing:var(--awb-typography4-letter-spacing);--awb-text-transform:var(--awb-typography4-text-transform);--awb-text-color:var(--awb-color5);--awb-text-font-family:&quot;Roboto&quot;;--awb-text-font-style:normal;--awb-text-font-weight:500;\"><h4><strong>PANEL II<\/strong><\/h4>\n<p><i class=\"fb-icon-element-8 fb-icon-element fontawesome-icon fa-play fas circle-no fusion-text-flow\" style=\"--awb-iconcolor:var(--awb-color4);--awb-iconcolor-hover:var(--awb-color4);--awb-font-size:22px;--awb-margin-right:11px;\"><\/i> <strong>From Users to Managers: The Private Sector Role in Business Parks Management. <\/strong><\/p>\n<ul>\n<li>Rob Ten Bok (Manager, KG ParkManagement Haarlem Business Park Waarderpolder, Amsterdam).<\/li>\n<li>Miguel \u00c1ngel Cuartero Monsalve (ADECA \u2013 Association of Entrepreneurs Pol. Ind. Campollano, Albacete) (50th anniversary).<\/li>\n<li>Pablo Garc\u00eda-Vig\u00f3n Gonz\u00e1lez (ASEMPOSIL \u2013 Association of Entrepreneurs Pol. Ind. Silvota) (40th anniversary) \u2013 Participant and moderator.<\/li>\n<\/ul>\n<\/div><div class=\"fusion-text fusion-text-10\" style=\"--awb-font-size:var(--awb-typography4-font-size);--awb-line-height:var(--awb-typography4-line-height);--awb-letter-spacing:var(--awb-typography4-letter-spacing);--awb-text-color:var(--awb-color5);--awb-text-font-family:&quot;Roboto&quot;;--awb-text-font-style:normal;--awb-text-font-weight:500;\"><h4><strong>Keynote Speech.<\/strong><\/h4>\n<p><i class=\"fb-icon-element-9 fb-icon-element fontawesome-icon fa-play fas circle-no fusion-text-flow\" style=\"--awb-iconcolor:var(--awb-color4);--awb-iconcolor-hover:var(--awb-color4);--awb-font-size:22px;--awb-margin-right:11px;\"><\/i> <strong>Keynote on Sustainability and Industrial Parks<\/strong>.<\/p>\n<p>Delivered by Dr. Bharti Chhibber (Professor of International Relations and Foreign Policy at the University of Delhi, expert in Environment, EU, Indo-Pacific, and USA).<\/p>\n<\/div><div class=\"fusion-text fusion-text-11\" style=\"--awb-font-size:var(--awb-typography4-font-size);--awb-line-height:var(--awb-typography4-line-height);--awb-letter-spacing:var(--awb-typography4-letter-spacing);--awb-text-transform:var(--awb-typography4-text-transform);--awb-text-color:var(--awb-color5);--awb-text-font-family:&quot;Roboto&quot;;--awb-text-font-style:normal;--awb-text-font-weight:500;\"><h4 class=\"fusion-responsive-typography-calculated\" style=\"--fontsize: 30; line-height: 1; --minfontsize: 30;\" data-fontsize=\"30\" data-lineheight=\"30px\">Closing of the Congress.<\/h4>\n<p><i class=\"fb-icon-element-10 fb-icon-element fontawesome-icon fa-play fas circle-no fusion-text-flow\" style=\"--awb-iconcolor:var(--awb-color4);--awb-iconcolor-hover:var(--awb-color4);--awb-font-size:22px;--awb-margin-right:11px;\"><\/i> <strong> Closing of the Congress <\/strong><\/p>\n<ul>\n<li>Representative of the Government of the Principality of Asturias<\/li>\n<\/ul>\n<ul>\n<li>Time: 14:15h.<\/li>\n<li>Location: Hotel de la Reconquista.<\/li>\n<li>Address: Calle Gil de Jaz, 16, Oviedo.<\/li>\n<\/ul>\n<\/div><\/div><\/div><\/div><\/div><\/div><div class=\"fusion-fullwidth fullwidth-box fusion-builder-row-5 fusion-flex-container has-pattern-background has-mask-background nonhundred-percent-fullwidth non-hundred-percent-height-scrolling\" style=\"--awb-border-radius-top-left:0px;--awb-border-radius-top-right:0px;--awb-border-radius-bottom-right:0px;--awb-border-radius-bottom-left:0px;--awb-padding-top:100px;--awb-padding-bottom:100px;--awb-flex-wrap:wrap;\" id=\"registrations\" ><div class=\"fusion-builder-row fusion-row fusion-flex-align-items-flex-start fusion-flex-justify-content-center fusion-flex-content-wrap\" style=\"max-width:1393.6px;margin-left: calc(-4% \/ 2 );margin-right: calc(-4% \/ 2 );\"><div class=\"fusion-layout-column fusion_builder_column fusion-builder-column-5 fusion_builder_column_1_1 1_1 fusion-flex-column\" style=\"--awb-bg-size:cover;--awb-width-large:100%;--awb-margin-top-large:0px;--awb-spacing-right-large:1.92%;--awb-margin-bottom-large:20px;--awb-spacing-left-large:1.92%;--awb-width-medium:100%;--awb-order-medium:0;--awb-spacing-right-medium:1.92%;--awb-spacing-left-medium:1.92%;--awb-width-small:100%;--awb-order-small:0;--awb-spacing-right-small:1.92%;--awb-spacing-left-small:1.92%;\"><div class=\"fusion-column-wrapper fusion-column-has-shadow fusion-flex-justify-content-flex-start fusion-content-layout-column\"><div class=\"fusion-separator\" style=\"align-self: center;margin-left: auto;margin-right: auto;width:100%;max-width:100px;\"><div class=\"fusion-separator-border sep-single sep-solid\" style=\"--awb-height:20px;--awb-amount:20px;--awb-sep-color:var(--awb-color4);border-color:var(--awb-color4);border-top-width:1px;\"><\/div><\/div><div class=\"fusion-title title fusion-title-5 fusion-sep-none fusion-title-text fusion-title-size-three\" style=\"--awb-text-color:var(--awb-color4);--awb-margin-top:40px;--awb-margin-bottom:40px;\"><h3 class=\"fusion-title-heading title-heading-left fusion-responsive-typography-calculated\" style=\"margin:0;--fontSize:40;line-height:var(--awb-typography1-line-height);\">Sign up now<\/h3><\/div><div class=\"fusion-text fusion-text-12\" style=\"--awb-font-size:var(--awb-typography4-font-size);--awb-line-height:var(--awb-typography4-line-height);--awb-letter-spacing:var(--awb-typography4-letter-spacing);--awb-text-color:var(--awb-color5);--awb-text-font-family:&quot;Roboto&quot;;--awb-text-font-style:normal;--awb-text-font-weight:500;\"><p>Registration closed<\/p>\n<\/div><\/div><\/div><\/div><\/div><\/p>\n","protected":false},"excerpt":{"rendered":"","protected":false},"author":1,"featured_media":0,"parent":0,"menu_order":0,"comment_status":"closed","ping_status":"closed","template":"100-width.php","meta":{"footnotes":""},"class_list":["post-411","page","type-page","status-publish","hentry"],"_links":{"self":[{"href":"https:\/\/congresocedaes2024.com\/en\/wp-json\/wp\/v2\/pages\/411","targetHints":{"allow":["GET"]}}],"collection":[{"href":"https:\/\/congresocedaes2024.com\/en\/wp-json\/wp\/v2\/pages"}],"about":[{"href":"https:\/\/congresocedaes2024.com\/en\/wp-json\/wp\/v2\/types\/page"}],"author":[{"embeddable":true,"href":"https:\/\/congresocedaes2024.com\/en\/wp-json\/wp\/v2\/users\/1"}],"replies":[{"embeddable":true,"href":"https:\/\/congresocedaes2024.com\/en\/wp-json\/wp\/v2\/comments?post=411"}],"version-history":[{"count":32,"href":"https:\/\/congresocedaes2024.com\/en\/wp-json\/wp\/v2\/pages\/411\/revisions"}],"predecessor-version":[{"id":1109,"href":"https:\/\/congresocedaes2024.com\/en\/wp-json\/wp\/v2\/pages\/411\/revisions\/1109"}],"wp:attachment":[{"href":"https:\/\/congresocedaes2024.com\/en\/wp-json\/wp\/v2\/media?parent=411"}],"curies":[{"name":"wp","href":"https:\/\/api.w.org\/{rel}","templated":true}]}}